{"id":219,"date":"2018-11-22T17:30:55","date_gmt":"2018-11-22T17:30:55","guid":{"rendered":"https:\/\/restodeontem.com.br\/?page_id=219"},"modified":"2018-11-22T23:09:05","modified_gmt":"2018-11-22T23:09:05","slug":"release","status":"publish","type":"page","link":"https:\/\/restodeontem.com.br\/?page_id=219","title":{"rendered":"Release"},"content":{"rendered":"<p>O &#8220;Resto de Ontem&#8221; \u00e9 uma banda de ideologia Punk, formada em Julho de 2007.<br \/>\nNossas m\u00fasicas s\u00e3o bem diversificadas em todos os sentidos, ritmo, mensagem a ser passada, etc.<br \/>\nMesmo com essa diversidade, podemos destacar uma caracter\u00edstica evidente da banda, que \u00e9 a ideia de n\u00e3o apenas reclamar, mas sim transmitir de alguma forma positividade.<br \/>\nPor sermos uma banda de ideologia Punk, nossas m\u00fasicas falam muito sobre problemas sociais e pol\u00edtica, por\u00e9m, sempre mantendo viva a esperan\u00e7a que \u00e9 o nosso combust\u00edvel e que nos faz seguir adiante.<br \/>\nSomos do interior, onde as oportunidades s\u00e3o bem escassas e \u00e9 necess\u00e1rio se apoiar na cultura &#8220;Fa\u00e7a Voc\u00ea Mesmo&#8221;.<br \/>\nAp\u00f3s tr\u00eas demos caseiras, gravamos (tamb\u00e9m de forma independente) dois \u00e1lbuns com uma qualidade melhor e, em julho de 2016, produzimos um v\u00eddeo clipe, que foi a nossa primeira experi\u00eancia.<br \/>\nTodos n\u00f3s somos casados, temos nossas fam\u00edlias, nossos filhos e fazemos tudo com muito respeito, carinho e dedica\u00e7\u00e3o a essa nobre causa, que \u00e9 a cena alternativa.<br \/>\nNossa recompensa, \u00e9 poder fazer parte de tudo isso, contribuindo com nossas m\u00fasicas, que carregam nossa personalidade, nossa realidade.<br \/>\nAgradecemos a todos que nos apoiam ou que de alguma forma, tem prop\u00f3sitos semelhantes.<\/p>\n<h3 style=\"text-align: center;\">Principais shows:<\/h3>\n<p>Nossa principal apresenta\u00e7\u00e3o, ou pelo menos a de maior p\u00fablico, foi na abertura de um show da banda Sepultura, aqui mesmo em Bebedouro, no samb\u00f3dromo da cidade, no dia 12 de novembro de 2011.<br \/>\nUma outra ocasi\u00e3o, que tamb\u00e9m foi bem marcante pra n\u00f3s, foi no dia 17 de mar\u00e7o de 2013 quando fomos pela primeira vez tocar no ABC Paulista, mais precisamente em S\u00e3o Caetano no &#8220;Cidad\u00e3o do Mundo&#8221; junto com a banda veterana DZK, a convite deles mesmos.<br \/>\nPretendemos e iremos sempre adiante com nossa banda e, muito mais do que apenas integrantes de uma banda, somos como irm\u00e3os. Essa nossa conviv\u00eancia no dia a dia nos favorece na quest\u00e3o de entrosamento.<br \/>\nE \u00e9 claro, o Festival Punk Bebedouro, que n\u00f3s mesmos organizamos anualmente, em nome do nosso selo &#8220;Varejera Records&#8221; desde 2010.<br \/>\nJustamente para termos um lugar de qualidade para tocarmos, resolvemos criar esse evento, que hoje em dia j\u00e1 \u00e9 um dos mais populares do g\u00eanero aqui na regi\u00e3o. N\u00f3s bancamos o evento com dinheiro de patrocinadores e apoio da prefeitura. Sempre com entrada gratuita, v\u00e1rias bandas de diferentes cidades (inclusive da capital), boa estrutura de palco, ilumina\u00e7\u00e3o, fuma\u00e7a, etc.<br \/>\nFora isso, participamos sempre que poss\u00edvel, dos eventos mais comuns da regi\u00e3o, como por exemplo o Araraquara Punk, promovido pelo Henrique, da lend\u00e1ria banda punk de Araraquara, o Funeral; eventos na regi\u00e3o dos lagos em Barretos, organizado pelo pessoal do Coletivo de l\u00e1; em Jos\u00e9 Bonif\u00e1cio tinha o &#8220;Bonif\u00e1cio em Chamas&#8221;; aqui em Bebedouro mesmo, eventualmente temos eventos na pra\u00e7a principal da cidade, entre outros&#8230;<\/p>\n<h3 style=\"text-align: center;\">Hist\u00f3rico:<\/h3>\n<p>N\u00f3s integrantes, somos amigos desde a inf\u00e2ncia, onde t\u00ednhamos bandas distintas. Com o passar do tempo, nos distanciamos um pouco e ficamos um per\u00edodo sem tocar, at\u00e9 que em 2007 nos encontramos e resolvemos formar uma banda juntos, da\u00ed o nome Resto de Ontem.<br \/>\nComo de fato era a nossa proposta, fizemos nossas primeiras m\u00fasicas e gravamos uma Demo caseira.<br \/>\nAssim continuamos e com o passar dos anos, gravamos mais 2 Demos, somando 3 (S\u00f3 no Sarrafo 2008 &#8211; Sonho e Esperan\u00e7a 2010 &#8211; O Tratamento 2011).<br \/>\nOrgulhosamente, temos um pequeno p\u00fablico que gosta do nosso trabalho por\u00e9m a inten\u00e7\u00e3o sempre foi aumentar essa publicidade.<br \/>\nQuando procuramos as gravadoras e ou selos ao nosso alcance, n\u00e3o pudemos interagir como esper\u00e1vamos, devido a n\u00e3o termos um \u00e1lbum n\u00edvel profissional, prensado em f\u00e1brica, etc.<br \/>\nGravamos ent\u00e3o nosso primeiro \u00e1lbum em est\u00fadio, intitulado de &#8220;Punk Sempre Punk&#8221; e prensamos mil c\u00f3pias.<br \/>\nCom essas c\u00f3pias em m\u00e3o, criamos nosso pr\u00f3prio selo de distribui\u00e7\u00e3o, chamado &#8220;Varejera Records&#8221; atrav\u00e9s do qual realizamos muitas trocas com outros selos independentes e bandas em todo o pa\u00eds.<br \/>\nMais a frente, gravamos um novo \u00e1lbum, &#8220;Seremos Sempre a Resist\u00eancia&#8221;, tamb\u00e9m de forma independente. Esse \u00e1lbum n\u00f3s n\u00e3o prensamos ainda e est\u00e1 dispon\u00edvel apenas de forma virtual.<br \/>\nN\u00f3s oferecemos cotas de uma poss\u00edvel prensagem desse \u00e1lbum aos selos que fizemos contato trocando material, por\u00e9m nesse nosso meio e estilo de m\u00fasica, \u00e9 muito dif\u00edcil encontrar quem tenha disposi\u00e7\u00e3o e condi\u00e7\u00f5es para investir em novas bandas.<br \/>\nEm seguida, produzimos um v\u00eddeo clipe, pois \u00e9ramos limitados a apenas \u00e1udio e agora temos esse trabalho demonstrando tamb\u00e9m a quest\u00e3o visual.<\/p>\n","protected":false},"excerpt":{"rendered":"<p>O &#8220;Resto de Ontem&#8221; \u00e9 uma banda de ideologia Punk, formada em Julho de 2007. Nossas m\u00fasicas s\u00e3o bem diversificadas em todos os sentidos, ritmo, mensagem a ser passada, etc. Mesmo com essa diversidade, podemos destacar uma caracter\u00edstica evidente da banda, que \u00e9 a ideia <span class=\"read-more\"><a class=\"more-link btn btn-transparent\" href=\"https:\/\/restodeontem.com.br\/?page_id=219\">Read More &#8230;<\/a><\/span><\/p>\n","protected":false},"author":1,"featured_media":0,"parent":0,"menu_order":0,"comment_status":"closed","ping_status":"closed","template":"","meta":{"spay_email":""},"jetpack_sharing_enabled":true,"jetpack_shortlink":"https:\/\/wp.me\/PathC6-3x","_links":{"self":[{"href":"https:\/\/restodeontem.com.br\/index.php?rest_route=\/wp\/v2\/pages\/219"}],"collection":[{"href":"https:\/\/restodeontem.com.br\/index.php?rest_route=\/wp\/v2\/pages"}],"about":[{"href":"https:\/\/restodeontem.com.br\/index.php?rest_route=\/wp\/v2\/types\/page"}],"author":[{"embeddable":true,"href":"https:\/\/restodeontem.com.br\/index.php?rest_route=\/wp\/v2\/users\/1"}],"replies":[{"embeddable":true,"href":"https:\/\/restodeontem.com.br\/index.php?rest_route=%2Fwp%2Fv2%2Fcomments&post=219"}],"version-history":[{"count":3,"href":"https:\/\/restodeontem.com.br\/index.php?rest_route=\/wp\/v2\/pages\/219\/revisions"}],"predecessor-version":[{"id":248,"href":"https:\/\/restodeontem.com.br\/index.php?rest_route=\/wp\/v2\/pages\/219\/revisions\/248"}],"wp:attachment":[{"href":"https:\/\/restodeontem.com.br\/index.php?rest_route=%2Fwp%2Fv2%2Fmedia&parent=219"}],"curies":[{"name":"wp","href":"https:\/\/api.w.org\/{rel}","templated":true}]}}