{"id":2,"date":"2018-11-22T12:56:08","date_gmt":"2018-11-22T12:56:08","guid":{"rendered":"https:\/\/restodeontem.com.br\/?page_id=2"},"modified":"2018-11-22T17:25:01","modified_gmt":"2018-11-22T17:25:01","slug":"musicas","status":"publish","type":"page","link":"https:\/\/restodeontem.com.br\/?page_id=2","title":{"rendered":"M\u00fasicas"},"content":{"rendered":"<p>V\u00eddeo clipe: Reflex\u00f5es<\/p>\n<div class=\"container\">\n<iframe src=\"https:\/\/www.youtube.com\/embed\/gEq-EVjtH34?autoplay=1&amp;playlist=gEq-EVjtH34&amp;loop=1\" frameborder=\"0\" allowfullscreen class=\"video\"><\/iframe>\n<\/div>\n<style>\n.container {\n    position: relative;\n    width: 100%;\n    height: 0;\n    padding-bottom: 56.25%;\n}\n.video {\n    position: absolute;\n    top: 0;\n    left: 0;\n    width: 100%;\n    height: 100%;\n}\n<\/style>\n<p><\/p>\n<table cellspacing=\"0\" cellpadding=\"0\" style=\"border: none;\">\n<tr style=\"border: none;\">\n<td colspan=\"2\" style=\"border: none;\">\u00c1lbuns:<\/td>\n<\/tr>\n<tr style=\"border: none;\">\n<td style=\"border: none;\"><a href=\"https:\/\/restodeontem.com.br\/psp.zip\">Download<\/a><\/td>\n<td style=\"border: none;\"><a href=\"https:\/\/restodeontem.com.br\/resist.zip\">Download<\/a><\/td>\n<\/tr>\n<tr style=\"border: none;\">\n<td style=\"border: none;\">\n<iframe loading=\"lazy\" src=\"https:\/\/w.soundcloud.com\/player\/?url=https%3A\/\/api.soundcloud.com\/playlists\/9806906&amp;color=%23ff5500&amp;auto_play=false&amp;hide_related=false&amp;show_comments=true&amp;show_user=true&amp;show_reposts=false&amp;show_teaser=true&amp;visual=true\" width=\"100%\" height=\"600\" frameborder=\"no\" scrolling=\"no\"><\/iframe>\n<\/td>\n<td style=\"border: none;\">\n<iframe loading=\"lazy\" src=\"https:\/\/w.soundcloud.com\/player\/?url=https%3A\/\/api.soundcloud.com\/playlists\/77425850&amp;color=%23ff5500&amp;auto_play=false&amp;hide_related=false&amp;show_comments=true&amp;show_user=true&amp;show_reposts=false&amp;show_teaser=true&amp;visual=true\" width=\"100%\" height=\"600\" frameborder=\"no\" scrolling=\"no\"><\/iframe>\n<\/td>\n<\/tr>\n<\/table>\n","protected":false},"excerpt":{"rendered":"<p>V\u00eddeo clipe: Reflex\u00f5es \u00c1lbuns: Download Download<\/p>\n","protected":false},"author":1,"featured_media":0,"parent":0,"menu_order":0,"comment_status":"closed","ping_status":"open","template":"","meta":{"spay_email":""},"jetpack_sharing_enabled":true,"jetpack_shortlink":"https:\/\/wp.me\/PathC6-2","_links":{"self":[{"href":"https:\/\/restodeontem.com.br\/index.php?rest_route=\/wp\/v2\/pages\/2"}],"collection":[{"href":"https:\/\/restodeontem.com.br\/index.php?rest_route=\/wp\/v2\/pages"}],"about":[{"href":"https:\/\/restodeontem.com.br\/index.php?rest_route=\/wp\/v2\/types\/page"}],"author":[{"embeddable":true,"href":"https:\/\/restodeontem.com.br\/index.php?rest_route=\/wp\/v2\/users\/1"}],"replies":[{"embeddable":true,"href":"https:\/\/restodeontem.com.br\/index.php?rest_route=%2Fwp%2Fv2%2Fcomments&post=2"}],"version-history":[{"count":20,"href":"https:\/\/restodeontem.com.br\/index.php?rest_route=\/wp\/v2\/pages\/2\/revisions"}],"predecessor-version":[{"id":218,"href":"https:\/\/restodeontem.com.br\/index.php?rest_route=\/wp\/v2\/pages\/2\/revisions\/218"}],"wp:attachment":[{"href":"https:\/\/restodeontem.com.br\/index.php?rest_route=%2Fwp%2Fv2%2Fmedia&parent=2"}],"curies":[{"name":"wp","href":"https:\/\/api.w.org\/{rel}","templated":true}]}}